{"id":2751,"date":"2021-04-14T16:41:54","date_gmt":"2021-04-14T16:41:54","guid":{"rendered":"https:\/\/www.terravie.at\/?page_id=2751"},"modified":"2023-09-28T10:55:26","modified_gmt":"2023-09-28T10:55:26","slug":"wald-gesundheit","status":"publish","type":"page","link":"https:\/\/www.terravie.at\/?page_id=2751","title":{"rendered":"Wald &#038; Gesundheit"},"content":{"rendered":"<h1>Wald &#038; Gesundheit<\/h1>\n<p>Angebote &#8211; Druiden Coaching<\/p>\n<h2>Wald &amp; Gesundheit .<\/h2>\n<p>Der Wald bietet zu jeder Zeit Gesundheitsf\u00f6rderung in verschiedenster Form an. Viele von uns haben jedoch den Zugang zu diesem unersch\u00f6pflichen, kostenlosen und \u00e4u\u00dferst wirksamen Heilort bzw. Heilverfahren verloren.<\/p>\n<p>Ob Landschaft, Kr\u00e4uter, Str\u00e4ucher, B\u00e4ume oder einfach nur Erde, in allem steckt die Kraft, pers\u00f6nliche Ressourcen nat\u00fcrlich zu st\u00e4rken.<\/p>\n<p>Diese Kraft\u00a0 lernt jede(r) TeilnehmerIn zu n\u00fctzen, um k\u00fcnftig in kurzer Zeit fit f\u00fcr den Alltag zu sein.<\/p>\n<p>Dieses Programm wendet sich an alle, die in ihrem Leben mehr Verantwortung f\u00fcr ihre Gesundheit und ihr Wohlbefinden \u00fcbernehmen wollen, um damit ihre Lebensqualit\u00e4t zu steigern.<\/p>\n<p><strong>Termin und Treffpunkt:\u00a0<\/strong><\/p>\n<h2><strong>7. und 8. Oktober 2023<\/strong><\/h2>\n<p>Bad Sauerbrunn, Tp vor dem Parkhotel Neubauerjeweils von 09.00 &#8211; 17.00 UhrPreis: \u20ac 360.- pro Person<\/p>\n<p>F\u00fcr Anreise, N\u00e4chtigung und Verpflegung ist selbst zu sorgen.<\/p>\n<p><strong>Ausr\u00fcstung:<\/strong><\/p>\n<ul>\n<li>Dem Wetter angepasste Kleidung inklusive Regenbekleidung,<\/li>\n<li>Rucksack mit Getr\u00e4nk und Snack f\u00fcr zwischendurch.<\/li>\n<\/ul>\n<p><strong>Die Veranstaltung findet bei fast jedem Wetter statt!<\/strong>\u00a0<strong>Anmeldung erforderlich!<\/strong><strong>0676 \/ 515 00 36<\/strong><a href=\"mailto:johannes@terravie.at\"><strong>johannes@terravie.at<\/strong><\/a><br \/>\n<img width=\"900\" height=\"675\" src=\"https:\/\/www.terravie.at\/wp-content\/uploads\/2021\/04\/DSCN8136-1024x768.jpg\" alt=\"\" decoding=\"async\" loading=\"lazy\" srcset=\"https:\/\/www.terravie.at\/wp-content\/uploads\/2021\/04\/DSCN8136-1024x768.jpg 1024w, https:\/\/www.terravie.at\/wp-content\/uploads\/2021\/04\/DSCN8136-300x225.jpg 300w, https:\/\/www.terravie.at\/wp-content\/uploads\/2021\/04\/DSCN8136-768x576.jpg 768w, https:\/\/www.terravie.at\/wp-content\/uploads\/2021\/04\/DSCN8136-1536x1152.jpg 1536w, https:\/\/www.terravie.at\/wp-content\/uploads\/2021\/04\/DSCN8136.jpg 2048w\" sizes=\"auto, (max-width: 900px) 100vw, 900px\" \/><\/p>\n<p><strong>Programmschwerpunkte:<\/strong><\/p>\n<ul>\n<li>Die heilenden Wirkungen des Waldes erfahren und selbst anwenden k\u00f6nnen<\/li>\n<li>Den Wald als Erlebnis- und Lebensraum wieder entdecken<\/li>\n<li>Naturr\u00e4ume &amp; Landschaftstypen sowie ihre Wirkungen auf uns bewusst sp\u00fcren<\/li>\n<li>Entschleunigung, Entspannung und Erdung durch waldp\u00e4dagogische Aktionen \u00fcben<\/li>\n<li>Zyklen der Natur erfahren und in unser Leben integrieren<\/li>\n<li>Die positiven Wirkungen der vorherrschenden Farben, D\u00fcfte und Stimmungen erleben<\/li>\n<li>Die bewegende Stille des Waldes wahrnehmen und f\u00fcr die Regeneration n\u00fctzen lernen<\/li>\n<\/ul>\n<p><strong>Medien und Methoden:<\/strong><\/p>\n<ul>\n<li>die positive Kraft des Waldes nutzen<\/li>\n<li>Elemente der traditionellen europ\u00e4ischen Naturheilkunde<\/li>\n<li>Fachwissen aus den Bereichen Waldp\u00e4dagogik, \u00d6kologie, Gesundheit<\/li>\n<li>Wissen aus dem Bereich der Baumheilkunde<\/li>\n<\/ul>\n<p>Ablauf<\/p>\n<h2>Wald &amp; Gesundheit .<\/h2>\n<p>Der Wald bietet zu jeder Jahreszeit gesundheitliche Unterst\u00fctzung. Er ist immer da. hat immer ein offenes Ohr&#8230;<\/p>\n<p>100&#37;<\/p>\n<h3>Freude<\/h3>\n<p>Schon wenn wir beschlie\u00dfen, dass wir in den Wald gehen, kommt Freude auf!<\/p>\n<p>100&#37;<\/p>\n<h3>Geborgenheit<\/h3>\n<p>Der Wald war seit ewigen Zeiten f\u00fcr uns Menschen ein Ort der Zuflucht und Sicherheit<\/p>\n<p>100&#37;<\/p>\n<h3>Stimmung<\/h3>\n<p>Die Stimmung der Farben, des Lichts und nat\u00fcrlich der D\u00fcfte und Ger\u00fcche im Wald sind einzigartig<\/p>\n<p>100&#37;<\/p>\n<h3>Wohlf\u00fchlen<\/h3>\n<p>Rundum Wohlf\u00fchlen ist im Wald Standard. Meistens war der Wald auch ein Teil unserer Kindheit<\/p>\n<p><img decoding=\"async\" src=\"https:\/\/www.terravie.at\/wp-content\/uploads\/2021\/07\/DSC03571-scaled.jpg\" alt=\"SONY DSC\"><br \/>\n<img decoding=\"async\" src=\"https:\/\/www.terravie.at\/wp-content\/uploads\/2021\/07\/DSC07452-scaled.jpg\" alt=\"SONY DSC\"><br \/>\n<img decoding=\"async\" src=\"https:\/\/www.terravie.at\/wp-content\/uploads\/2021\/04\/DSCN8715.jpg\" alt=\"\"><br \/>\n<img decoding=\"async\" src=\"https:\/\/www.terravie.at\/wp-content\/uploads\/2021\/04\/DSCN4306.jpg\" alt=\"\"><br \/>\n<img decoding=\"async\" src=\"https:\/\/www.terravie.at\/wp-content\/uploads\/2021\/04\/Meine-Bilder0060.jpg\" alt=\"\"><br \/>\n<img decoding=\"async\" src=\"https:\/\/www.terravie.at\/wp-content\/uploads\/2021\/04\/FB_IMG_1527189356020.jpg\" alt=\"\"><br \/>\n<img decoding=\"async\" src=\"https:\/\/www.terravie.at\/wp-content\/uploads\/2021\/04\/DSCN9217.jpg\" alt=\"\"><br \/>\n<img decoding=\"async\" src=\"https:\/\/www.terravie.at\/wp-content\/uploads\/2021\/04\/DSCN8136.jpg\" alt=\"\"><br \/>\n<img decoding=\"async\" src=\"https:\/\/www.terravie.at\/wp-content\/uploads\/2021\/07\/DSC03573-scaled.jpg\" alt=\"\"><br \/>\n<img decoding=\"async\" src=\"https:\/\/www.terravie.at\/wp-content\/uploads\/2021\/04\/IMG_20200918_115746-scaled.jpg\" alt=\"\"><br \/>\n<img decoding=\"async\" src=\"https:\/\/www.terravie.at\/wp-content\/uploads\/2021\/04\/IMG_20200918_071504-scaled.jpg\" alt=\"\"><br \/>\n<img decoding=\"async\" src=\"https:\/\/www.terravie.at\/wp-content\/uploads\/2021\/08\/sonneindeinherz2scrshgr.png\" alt=\"sonneindeinherz2scrshgr\"><br \/>\n<!-- .elementskit-clients-slider END --><\/p>\n","protected":false},"excerpt":{"rendered":"<p>Wald &#038; Gesundheit Angebote &#8211; Druiden Coaching Wald &amp; Gesundheit . Der Wald bietet zu jeder Zeit Gesundheitsf\u00f6rderung in verschiedenster Form an. Viele von uns haben jedoch den Zugang zu diesem unersch\u00f6pflichen, kostenlosen und \u00e4u\u00dferst wirksamen Heilort bzw. Heilverfahren verloren. Ob Landschaft, Kr\u00e4uter, Str\u00e4ucher, B\u00e4ume oder einfach nur Erde, in allem steckt die Kraft, pers\u00f6nliche [&hellip;]<\/p>\n","protected":false},"author":1,"featured_media":0,"parent":0,"menu_order":0,"comment_status":"closed","ping_status":"closed","template":"elementor_header_footer","meta":{"footnotes":""},"class_list":["post-2751","page","type-page","status-publish","hentry"],"_links":{"self":[{"href":"https:\/\/www.terravie.at\/index.php?rest_route=\/wp\/v2\/pages\/2751","targetHints":{"allow":["GET"]}}],"collection":[{"href":"https:\/\/www.terravie.at\/index.php?rest_route=\/wp\/v2\/pages"}],"about":[{"href":"https:\/\/www.terravie.at\/index.php?rest_route=\/wp\/v2\/types\/page"}],"author":[{"embeddable":true,"href":"https:\/\/www.terravie.at\/index.php?rest_route=\/wp\/v2\/users\/1"}],"replies":[{"embeddable":true,"href":"https:\/\/www.terravie.at\/index.php?rest_route=%2Fwp%2Fv2%2Fcomments&post=2751"}],"version-history":[{"count":113,"href":"https:\/\/www.terravie.at\/index.php?rest_route=\/wp\/v2\/pages\/2751\/revisions"}],"predecessor-version":[{"id":6549,"href":"https:\/\/www.terravie.at\/index.php?rest_route=\/wp\/v2\/pages\/2751\/revisions\/6549"}],"wp:attachment":[{"href":"https:\/\/www.terravie.at\/index.php?rest_route=%2Fwp%2Fv2%2Fmedia&parent=2751"}],"curies":[{"name":"wp","href":"https:\/\/api.w.org\/{rel}","templated":true}]}}